{"id":1052,"date":"2025-11-18T14:27:49","date_gmt":"2025-11-18T13:27:49","guid":{"rendered":"https:\/\/sarreldellevant.net\/terapies-i-consultes\/"},"modified":"2026-02-10T10:47:48","modified_gmt":"2026-02-10T09:47:48","slug":"terapies-i-consultes","status":"publish","type":"page","link":"https:\/\/sarreldellevant.net\/ca\/terapies-i-consultes\/","title":{"rendered":"Ter\u00e0pies i consultes"},"content":{"rendered":"<p>[et_pb_section fb_built=&#8221;1&#8243; _builder_version=&#8221;4.27.5&#8243; _module_preset=&#8221;default&#8221; global_colors_info=&#8221;{}&#8221;][et_pb_row _builder_version=&#8221;4.27.4&#8243; _module_preset=&#8221;default&#8221; global_colors_info=&#8221;{}&#8221;][et_pb_column type=&#8221;4_4&#8243; _builder_version=&#8221;4.27.4&#8243; _module_preset=&#8221;default&#8221; global_colors_info=&#8221;{}&#8221;][et_pb_text _builder_version=&#8221;4.27.5&#8243; _module_preset=&#8221;default&#8221; header_text_align=&#8221;center&#8221; hover_enabled=&#8221;0&#8243; global_colors_info=&#8221;{}&#8221; header_font_size_last_edited=&#8221;on|phone&#8221; header_font_size_phone=&#8221;49px&#8221; sticky_enabled=&#8221;0&#8243;]<\/p>\n<h1>Flors de Bach i aromater\u00e0pia<\/h1>\n<p>[\/et_pb_text][et_pb_text _builder_version=&#8221;4.27.5&#8243; _module_preset=&#8221;default&#8221; text_font_size=&#8221;18px&#8221; global_colors_info=&#8221;{}&#8221;]<\/p>\n<p><strong>En desconnectar-nos de la natura, perdem consci\u00e8ncia de qui som<\/strong>, en un m\u00f3n tan fren\u00e8tic on el que prima \u00e9s la productivitat, la competitivitat i el capitalisme m\u00e9s salvatge, ens fan creure que nom\u00e9s hi ha un cam\u00ed. <strong>Per\u00f2 aquest cam\u00ed \u00e9s incompatible amb la salut i l&#8217;equilibri en tots els seus plans.<\/strong><\/p>\n<p>Un enfocament on l&#8217;<strong>\u00c9SSER HUM\u00c0<\/strong> es reconeix a si mateix, on l&#8217;<strong>objecte principal \u00e9s la veritat,<\/strong> la recerca de la qual va de fora cap a dins per trobar l&#8217;origen, la causa, una explicaci\u00f3 equ\u00e0nime amb un mateix que ens permeti descorrer els vels de les influ\u00e8ncies externes, avui urgeix m\u00e9s que mai.<\/p>\n<p>[\/et_pb_text][\/et_pb_column][\/et_pb_row][et_pb_row _builder_version=&#8221;4.27.5&#8243; _module_preset=&#8221;default&#8221; background_image=&#8221;https:\/\/sarreldellevant.net\/wp-content\/uploads\/2026\/02\/flores-de-bach-aromaterapia.png&#8221; custom_padding=&#8221;||282px|||&#8221; hover_enabled=&#8221;0&#8243; global_colors_info=&#8221;{}&#8221; disabled_on=&#8221;on|off|off&#8221; sticky_enabled=&#8221;0&#8243;][et_pb_column type=&#8221;4_4&#8243; _builder_version=&#8221;4.27.5&#8243; _module_preset=&#8221;default&#8221; global_colors_info=&#8221;{}&#8221;][\/et_pb_column][\/et_pb_row][\/et_pb_section][et_pb_section fb_built=&#8221;1&#8243; _builder_version=&#8221;4.27.5&#8243; _module_preset=&#8221;default&#8221; global_colors_info=&#8221;{}&#8221;][et_pb_row column_structure=&#8221;1_2,1_2&#8243; _builder_version=&#8221;4.27.5&#8243; _module_preset=&#8221;default&#8221; global_colors_info=&#8221;{}&#8221;][et_pb_column type=&#8221;1_2&#8243; _builder_version=&#8221;4.27.5&#8243; _module_preset=&#8221;default&#8221; global_colors_info=&#8221;{}&#8221;][et_pb_image src=&#8221;data:image\/svg+xml;base64,PHN2ZyB3aWR0aD0iMTA4MCIgaGVpZ2h0PSI1NDAiIHZpZXdCb3g9IjAgMCAxMDgwIDU0MCIgeG1sbnM9Imh0dHA6Ly93d3cudzMub3JnLzIwMDAvc3ZnIj4KICAgIDxnIGZpbGw9Im5vbmUiIGZpbGwtcnVsZT0iZXZlbm9kZCI+CiAgICAgICAgPHBhdGggZmlsbD0iI0VCRUJFQiIgZD0iTTAgMGgxMDgwdjU0MEgweiIvPgogICAgICAgIDxwYXRoIGQ9Ik00NDUuNjQ5IDU0MGgtOTguOTk1TDE0NC42NDkgMzM3Ljk5NSAwIDQ4Mi42NDR2LTk4Ljk5NWwxMTYuMzY1LTExNi4zNjVjMTUuNjItMTUuNjIgNDAuOTQ3LTE1LjYyIDU2LjU2OCAwTDQ0NS42NSA1NDB6IiBmaWxsLW9wYWNpdHk9Ii4xIiBmaWxsPSIjMDAwIiBmaWxsLXJ1bGU9Im5vbnplcm8iLz4KICAgICAgICA8Y2lyY2xlIGZpbGwtb3BhY2l0eT0iLjA1IiBmaWxsPSIjMDAwIiBjeD0iMzMxIiBjeT0iMTQ4IiByPSI3MCIvPgogICAgICAgIDxwYXRoIGQ9Ik0xMDgwIDM3OXYxMTMuMTM3TDcyOC4xNjIgMTQwLjMgMzI4LjQ2MiA1NDBIMjE1LjMyNEw2OTkuODc4IDU1LjQ0NmMxNS42Mi0xNS42MiA0MC45NDgtMTUuNjIgNTYuNTY4IDBMMTA4MCAzNzl6IiBmaWxsLW9wYWNpdHk9Ii4yIiBmaWxsPSIjMDAwIiBmaWxsLXJ1bGU9Im5vbnplcm8iLz4KICAgIDwvZz4KPC9zdmc+Cg==&#8221; _builder_version=&#8221;4.27.5&#8243; _module_preset=&#8221;default&#8221; global_colors_info=&#8221;{}&#8221;][\/et_pb_image][\/et_pb_column][et_pb_column type=&#8221;1_2&#8243; _builder_version=&#8221;4.27.5&#8243; _module_preset=&#8221;default&#8221; global_colors_info=&#8221;{}&#8221;][et_pb_text _builder_version=&#8221;4.27.5&#8243; _module_preset=&#8221;default&#8221; global_colors_info=&#8221;{}&#8221;]<\/p>\n<h2>Ter\u00e0pia Bach i el seu prop\u00f2sit:<\/h2>\n<p>[\/et_pb_text][et_pb_text _builder_version=&#8221;4.27.5&#8243; _module_preset=&#8221;default&#8221; text_font_size=&#8221;18px&#8221; global_colors_info=&#8221;{}&#8221;]<\/p>\n<p>La Ter\u00e0pia de Bach \u00e9s un acompanyament subtil que ens ajuda a trobar respostes a vegades quan ni tan sols ens hav\u00edem plantejat les preguntes.<\/p>\n<p>Un cam\u00ed preci\u00f3s, on la const\u00e0ncia i el comprom\u00eds amb un mateix seran fonamentals per descobrir aspectes propis que es fonen amb la natura fins a arribar al lloc d&#8217;on venim.<\/p>\n<p>Un lloc on realment mai deixem d&#8217;estar, l&#8217;estat de pres\u00e8ncia de l&#8217;\u00e9sser, la felicitat i la ra\u00f3 per la qual decidim sanar i continuar en aquest miracle de viure. <\/p>\n<p><strong>Reserva una cita per comen\u00e7ar amb el teu acompanyament.<\/strong><\/p>\n<p>[\/et_pb_text][\/et_pb_column][\/et_pb_row][\/et_pb_section][et_pb_section fb_built=&#8221;1&#8243; _builder_version=&#8221;4.27.5&#8243; _module_preset=&#8221;default&#8221; background_color=&#8221;rgba(195,207,197,0.14)&#8221; global_colors_info=&#8221;{}&#8221;][et_pb_row _builder_version=&#8221;4.27.5&#8243; _module_preset=&#8221;default&#8221; global_colors_info=&#8221;{}&#8221;][et_pb_column type=&#8221;4_4&#8243; _builder_version=&#8221;4.27.5&#8243; _module_preset=&#8221;default&#8221; global_colors_info=&#8221;{}&#8221;][et_pb_text _builder_version=&#8221;4.27.5&#8243; _module_preset=&#8221;default&#8221; header_2_text_align=&#8221;center&#8221; header_2_text_color=&#8221;#665E5E&#8221; header_2_font_size=&#8221;51px&#8221; global_colors_info=&#8221;{}&#8221;]<\/p>\n<h2>Propostes de ter\u00e0pies:<\/h2>\n<p>[\/et_pb_text][\/et_pb_column][\/et_pb_row][et_pb_row column_structure=&#8221;1_3,1_3,1_3&#8243; _builder_version=&#8221;4.27.4&#8243; _module_preset=&#8221;default&#8221; global_colors_info=&#8221;{}&#8221;][et_pb_column type=&#8221;1_3&#8243; _builder_version=&#8221;4.27.4&#8243; _module_preset=&#8221;default&#8221; global_colors_info=&#8221;{}&#8221;][et_pb_image src=&#8221;https:\/\/sarreldellevant.net\/wp-content\/uploads\/2026\/02\/flores-bach-terapias-EI.png&#8221; alt=&#8221;flores-bach-terapias-EI&#8221; title_text=&#8221;flores-bach-terapias-EI&#8221; align=&#8221;center&#8221; _builder_version=&#8221;4.27.5&#8243; _module_preset=&#8221;default&#8221; width=&#8221;100%&#8221; min_height=&#8221;100px&#8221; border_radii=&#8221;on|30px|30px|30px|30px&#8221; global_colors_info=&#8221;{}&#8221;][\/et_pb_image][et_pb_text _builder_version=&#8221;4.27.5&#8243; _module_preset=&#8221;default&#8221; header_2_font=&#8221;&#8211;et_global_heading_font||||||||&#8221; header_2_text_align=&#8221;center&#8221; header_2_font_size=&#8221;25px&#8221; header_3_text_align=&#8221;center&#8221; header_3_text_color=&#8221;#665E5E&#8221; header_3_font_size=&#8221;25px&#8221; text_orientation=&#8221;center&#8221; global_colors_info=&#8221;{}&#8221;]<\/p>\n<h2>Avaluaci\u00f3 individual<\/h2>\n<p>Realitzarem una consulta breu a trav\u00e9s de videoconfer\u00e8ncia obtenint aix\u00ed la informaci\u00f3 necess\u00e0ria per a l&#8217;elecci\u00f3 del millor remei, ja sigui amb FDB, AE o la seva combinaci\u00f3 si fos necessari. <\/p>\n<p>[\/et_pb_text][\/et_pb_column][et_pb_column type=&#8221;1_3&#8243; _builder_version=&#8221;4.27.4&#8243; _module_preset=&#8221;default&#8221; global_colors_info=&#8221;{}&#8221;][et_pb_image src=&#8221;https:\/\/sarreldellevant.net\/wp-content\/uploads\/2026\/02\/flroes-de-bach-terapias-AC.png&#8221; alt=&#8221;flores-bach-terapias-EI&#8221; title_text=&#8221;flores-de-bach-terapias-AC&#8221; align=&#8221;center&#8221; _builder_version=&#8221;4.27.5&#8243; _module_preset=&#8221;default&#8221; width=&#8221;100%&#8221; min_height=&#8221;100px&#8221; border_radii=&#8221;on|30px|30px|30px|30px&#8221; global_colors_info=&#8221;{}&#8221;][\/et_pb_image][et_pb_text _builder_version=&#8221;4.27.5&#8243; _module_preset=&#8221;default&#8221; header_2_font=&#8221;&#8211;et_global_heading_font||||||||&#8221; header_2_text_align=&#8221;center&#8221; header_2_font_size=&#8221;25px&#8221; header_3_font=&#8221;||||||||&#8221; header_3_text_align=&#8221;center&#8221; header_3_font_size=&#8221;25px&#8221; text_orientation=&#8221;center&#8221; global_colors_info=&#8221;{}&#8221;]<\/p>\n<h3>Mescles fetes a mida<\/h3>\n<p>Formulaci\u00f3 especialment creada per a tu, culminada i protegida amb t\u00e8cniques energ\u00e8tiques perqu\u00e8 arribi a les teves mans en \u00f2ptimes condicions. <\/p>\n<p>[\/et_pb_text][\/et_pb_column][et_pb_column type=&#8221;1_3&#8243; _builder_version=&#8221;4.27.4&#8243; _module_preset=&#8221;default&#8221; global_colors_info=&#8221;{}&#8221;][et_pb_image src=&#8221;https:\/\/sarreldellevant.net\/wp-content\/uploads\/2026\/02\/flores-de-bach-US.png&#8221; alt=&#8221;flores-bach-terapias-EI&#8221; title_text=&#8221;flores-de-bach-US&#8221; align=&#8221;center&#8221; _builder_version=&#8221;4.27.5&#8243; _module_preset=&#8221;default&#8221; width=&#8221;100%&#8221; min_height=&#8221;100px&#8221; border_radii=&#8221;on|30px|30px|30px|30px&#8221; global_colors_info=&#8221;{}&#8221;][\/et_pb_image][et_pb_text _builder_version=&#8221;4.27.5&#8243; _module_preset=&#8221;default&#8221; header_2_font=&#8221;&#8211;et_global_heading_font||||||||&#8221; header_2_text_align=&#8221;center&#8221; header_2_font_size=&#8221;25px&#8221; header_3_text_align=&#8221;center&#8221; header_3_font_size=&#8221;25px&#8221; text_orientation=&#8221;center&#8221; global_colors_info=&#8221;{}&#8221;]<\/p>\n<h2>\u00das suau i natural <\/h2>\n<p>Les flors es prenen via oral, aptes per a adults, nens i mascotes, sense additius artificials. Bases d&#8217;aigua, glicerinades o olis vegetals depenent del tipus de remei i l&#8217;usuari. <\/p>\n<p>[\/et_pb_text][\/et_pb_column][\/et_pb_row][\/et_pb_section][et_pb_section fb_built=&#8221;1&#8243; _builder_version=&#8221;4.27.5&#8243; _module_preset=&#8221;default&#8221; use_background_color_gradient=&#8221;on&#8221; background_color_gradient_stops=&#8221;rgba(221,209,192,0.48) 0%|rgba(221,209,192,0.73) 99%&#8221; background_image=&#8221;https:\/\/sarreldellevant.net\/wp-content\/uploads\/2026\/02\/flores-de-bach-aromaterapia-natural.png&#8221; parallax=&#8221;on&#8221; background_blend=&#8221;soft-light&#8221; custom_padding=&#8221;||202px|||&#8221; global_colors_info=&#8221;{}&#8221;][\/et_pb_section]<\/p>\n","protected":false},"excerpt":{"rendered":"<p>Flors de Bach i aromater\u00e0piaEn desconnectar-nos de la natura, perdem consci\u00e8ncia de qui som, en un m\u00f3n tan fren\u00e8tic on el que prima \u00e9s la productivitat, la competitivitat i el capitalisme m\u00e9s salvatge, ens fan creure que nom\u00e9s hi ha un cam\u00ed. Per\u00f2 aquest cam\u00ed \u00e9s incompatible amb la salut i l&#8217;equilibri en tots els [&hellip;]<\/p>\n","protected":false},"author":1,"featured_media":0,"parent":0,"menu_order":0,"comment_status":"closed","ping_status":"closed","template":"","meta":{"_et_pb_use_builder":"on","_et_pb_old_content":"","_et_gb_content_width":"","om_disable_all_campaigns":false,"_monsterinsights_skip_tracking":false,"_monsterinsights_sitenote_active":false,"_monsterinsights_sitenote_note":"","_monsterinsights_sitenote_category":0,"_uf_show_specific_survey":0,"_uf_disable_surveys":false,"footnotes":""},"class_list":["post-1052","page","type-page","status-publish","hentry"],"aioseo_notices":[],"jetpack_sharing_enabled":true,"_links":{"self":[{"href":"https:\/\/sarreldellevant.net\/ca\/wp-json\/wp\/v2\/pages\/1052","targetHints":{"allow":["GET"]}}],"collection":[{"href":"https:\/\/sarreldellevant.net\/ca\/wp-json\/wp\/v2\/pages"}],"about":[{"href":"https:\/\/sarreldellevant.net\/ca\/wp-json\/wp\/v2\/types\/page"}],"author":[{"embeddable":true,"href":"https:\/\/sarreldellevant.net\/ca\/wp-json\/wp\/v2\/users\/1"}],"replies":[{"embeddable":true,"href":"https:\/\/sarreldellevant.net\/ca\/wp-json\/wp\/v2\/comments?post=1052"}],"version-history":[{"count":3,"href":"https:\/\/sarreldellevant.net\/ca\/wp-json\/wp\/v2\/pages\/1052\/revisions"}],"predecessor-version":[{"id":1364,"href":"https:\/\/sarreldellevant.net\/ca\/wp-json\/wp\/v2\/pages\/1052\/revisions\/1364"}],"wp:attachment":[{"href":"https:\/\/sarreldellevant.net\/ca\/wp-json\/wp\/v2\/media?parent=1052"}],"curies":[{"name":"wp","href":"https:\/\/api.w.org\/{rel}","templated":true}]}}