{"id":1061,"date":"2025-11-11T18:58:07","date_gmt":"2025-11-11T17:58:07","guid":{"rendered":"https:\/\/sarreldellevant.net\/producto\/xampu-solid-shikakai-ayurvedic\/"},"modified":"2025-11-11T18:58:07","modified_gmt":"2025-11-11T17:58:07","slug":"xampu-solid-shikakai-ayurvedic","status":"publish","type":"product","link":"https:\/\/sarreldellevant.net\/ca\/producto\/xampu-solid-shikakai-ayurvedic\/","title":{"rendered":"Xamp\u00fa s\u00f2lid Shikakai Ayurv\u00e8dic"},"content":{"rendered":"<p>Neteja equilibrant amb poder ancestral: xamp\u00fa s\u00f2lid per a cabells normals o greixosos. Hidratant, anticaspa i enfortidor. <\/p>\n<p>Inspirat en la tradici\u00f3 ayurv\u00e8dica, aquest xamp\u00fa s\u00f2lid neteja amb suavitat, regula l&#8217;exc\u00e9s de greix i prev\u00e9 la caspa sense ressecar. La seva f\u00f3rmula rica en shikakai, amla, mantega de cacau i el delicat aroma floral de l&#8217;oli essencial de palmarosa enforteix el teu cabell des de l&#8217;arrel, cuidant el cuir cabellut i el cabell. Ideal per a qui busca una rutina capil\u00b7lar natural, efectiva i lliure de qu\u00edmics agressius.  <\/p>\n<p><strong>Ingredients clau i beneficis:<\/strong><\/p>\n<ul>\n<li><strong>Shikakai:<\/strong> neteja suau, enforteix i regula el cuir cabellut.<\/li>\n<li><strong>Amla:<\/strong> font natural de vitamina C, estimula el creixement i aporta brillantor.<\/li>\n<li><strong>Mantega de cacau:<\/strong> nutrici\u00f3 profunda i protecci\u00f3 del teu cabell.<\/li>\n<li><strong>Oli essencial de palmarosa:<\/strong> equilibra, calma i perfuma delicadament.<\/li>\n<\/ul>\n<p><strong>F\u00f3rmula natural i conscient:<\/strong><\/p>\n<ul>\n<li>Xamp\u00fa s\u00f2lid, sense residus i sense pl\u00e0stics.<\/li>\n<li>Sense silicones, parabens ni sulfats agressius.<\/li>\n<li>Ideal per viatjar: compacte, pr\u00e0ctic i durador.<\/li>\n<li>Fet a m\u00e0 amb ingredients naturals i vegans.<\/li>\n<\/ul>\n<p><!-- C\u00d3MO USARLO --><\/p>\n<details>\n<summary><strong>COM USAR-LO<\/strong><\/summary>\n<p>Mulla b\u00e9 el cabell, frega el xamp\u00fa s\u00f2lid directament sobre el cuir cabellut o entre les mans, massatja amb moviments suaus i conscients.<br \/>Esbandeix amb aigua t\u00e8bia, repeteix si ho desitges i aplica condicionador si ho necessites.<\/p>\n<\/details>\n<p><!-- INCI \u2013 INGREDIENTES --><\/p>\n<details style=\"margin-bottom: 15px\">\n<summary><strong>INCI \u2013 INGREDIENTS<\/strong><\/summary>\n<p>Sodium Cocoyl Isethionate, Sodium Coco Sulfate, Theobroma Cacao Seed Butter, Acacia Concinna Fruit Powder, Emblica Officinalis Extract, Kaolin, Inulin, Aqua, Cymbopogon Martini Oil, Stearic Acid, Glycerin, Mica, Titanium Dioxide, Limonene*, Linalool*, Citral*, Farnesol*.<br \/>*Present de forma natural en olis essencials.<\/p>\n<p><em>Cont\u00e9 sulfats suaus derivats del coco.<\/em><\/p>\n<\/details>\n<p><!-- ADVERTENCIAS --><\/p>\n<details>\n<summary><strong>ADVERT\u00c8NCIES<\/strong><\/summary>\n<ul>\n<li>Nom\u00e9s \u00fas extern.<\/li>\n<li>Evita el contacte amb els ulls.<\/li>\n<li>No recomanat per a menors de 3 anys, embarassades o lactants sense supervisi\u00f3 m\u00e8dica.<\/li>\n<li>Fes primer una prova en una zona concreta si tens pell sensible.<\/li>\n<\/ul>\n<\/details>\n","protected":false},"excerpt":{"rendered":"<p>Xamp\u00fa s\u00f2lid per a cabells normals o greixosos: hidratant, anticaspa i enfortidor. Inspirat en la tradici\u00f3 ayurv\u00e8dica, aquest xamp\u00fa s\u00f2lid neteja amb suavitat, regula l&#8217;exc\u00e9s de greix i prev\u00e9 la caspa sense ressecar. <\/p>\n","protected":false},"featured_media":1062,"comment_status":"open","ping_status":"closed","template":"","meta":{"_et_pb_use_builder":"","_et_pb_old_content":"","_et_gb_content_width":"","om_disable_all_campaigns":false,"_monsterinsights_skip_tracking":false,"_monsterinsights_sitenote_active":false,"_monsterinsights_sitenote_note":"","_monsterinsights_sitenote_category":0,"_uf_show_specific_survey":0,"_uf_disable_surveys":false},"product_brand":[],"product_cat":[88],"product_tag":[85,84,87,83],"class_list":{"0":"post-1061","1":"product","2":"type-product","3":"status-publish","4":"has-post-thumbnail","6":"product_cat-cura-capillar","7":"product_tag-artesanal","8":"product_tag-producte-vega","9":"product_tag-sense-parabens","10":"product_tag-tot-tipus-de-pells","12":"first","13":"instock","14":"taxable","15":"shipping-taxable","16":"purchasable","17":"product-type-simple"},"aioseo_notices":[],"jetpack_sharing_enabled":true,"_links":{"self":[{"href":"https:\/\/sarreldellevant.net\/ca\/wp-json\/wp\/v2\/product\/1061","targetHints":{"allow":["GET"]}}],"collection":[{"href":"https:\/\/sarreldellevant.net\/ca\/wp-json\/wp\/v2\/product"}],"about":[{"href":"https:\/\/sarreldellevant.net\/ca\/wp-json\/wp\/v2\/types\/product"}],"replies":[{"embeddable":true,"href":"https:\/\/sarreldellevant.net\/ca\/wp-json\/wp\/v2\/comments?post=1061"}],"wp:featuredmedia":[{"embeddable":true,"href":"https:\/\/sarreldellevant.net\/ca\/wp-json\/wp\/v2\/media\/1062"}],"wp:attachment":[{"href":"https:\/\/sarreldellevant.net\/ca\/wp-json\/wp\/v2\/media?parent=1061"}],"wp:term":[{"taxonomy":"product_brand","embeddable":true,"href":"https:\/\/sarreldellevant.net\/ca\/wp-json\/wp\/v2\/product_brand?post=1061"},{"taxonomy":"product_cat","embeddable":true,"href":"https:\/\/sarreldellevant.net\/ca\/wp-json\/wp\/v2\/product_cat?post=1061"},{"taxonomy":"product_tag","embeddable":true,"href":"https:\/\/sarreldellevant.net\/ca\/wp-json\/wp\/v2\/product_tag?post=1061"}],"curies":[{"name":"wp","href":"https:\/\/api.w.org\/{rel}","templated":true}]}}