{"id":1066,"date":"2025-11-21T11:30:29","date_gmt":"2025-11-21T10:30:29","guid":{"rendered":"https:\/\/sarreldellevant.net\/producto\/pack-zero-residus\/"},"modified":"2026-03-12T14:28:53","modified_gmt":"2026-03-12T13:28:53","slug":"pack-zero-residus","status":"publish","type":"product","link":"https:\/\/sarreldellevant.net\/ca\/producto\/pack-zero-residus\/","title":{"rendered":"Pack zero residus"},"content":{"rendered":"<p><strong>Pack zero residus, 500 grams de sabons artesanals.<\/strong>  Una bossa sorpresa amb una barreja \u00fanica de trossos de sab\u00f3 artesanal: grans, petits, irregulars&#8230; per\u00f2 tots igual d&#8217;hidratants, naturals i amorosos amb la teva pell. Aprofitem cada trosset perqu\u00e8 res es perdi i tot es transformi en benestar. Aquest pack \u00e9s perfecte si gaudeixes descobrint noves aromes, si apostes pel sostenible o si simplement vols m\u00e9s varietat per menys.  <\/p>\n<p>Ingredients purs, zero residus, 100% consci\u00e8ncia.<\/p>\n","protected":false},"excerpt":{"rendered":"<p>Pack zero residus, 500 grams de sabons artesanals. Una bossa sorpresa amb una barreja \u00fanica de trossos de sab\u00f3 artesanal. <\/p>\n","protected":false},"featured_media":1067,"comment_status":"open","ping_status":"closed","template":"","meta":{"_et_pb_use_builder":"","_et_pb_old_content":"","_et_gb_content_width":"","om_disable_all_campaigns":false,"_monsterinsights_skip_tracking":false,"_monsterinsights_sitenote_active":false,"_monsterinsights_sitenote_note":"","_monsterinsights_sitenote_category":0,"_uf_show_specific_survey":0,"_uf_disable_surveys":false},"product_brand":[],"product_cat":[82],"product_tag":[85,86,84,87,83],"class_list":{"0":"post-1066","1":"product","2":"type-product","3":"status-publish","4":"has-post-thumbnail","6":"product_cat-cura-corporal","7":"product_tag-artesanal","8":"product_tag-pell-sensible","9":"product_tag-producte-vega","10":"product_tag-sense-parabens","11":"product_tag-tot-tipus-de-pells","13":"first","14":"instock","15":"taxable","16":"shipping-taxable","17":"purchasable","18":"product-type-simple"},"aioseo_notices":[],"jetpack_sharing_enabled":true,"_links":{"self":[{"href":"https:\/\/sarreldellevant.net\/ca\/wp-json\/wp\/v2\/product\/1066","targetHints":{"allow":["GET"]}}],"collection":[{"href":"https:\/\/sarreldellevant.net\/ca\/wp-json\/wp\/v2\/product"}],"about":[{"href":"https:\/\/sarreldellevant.net\/ca\/wp-json\/wp\/v2\/types\/product"}],"replies":[{"embeddable":true,"href":"https:\/\/sarreldellevant.net\/ca\/wp-json\/wp\/v2\/comments?post=1066"}],"wp:featuredmedia":[{"embeddable":true,"href":"https:\/\/sarreldellevant.net\/ca\/wp-json\/wp\/v2\/media\/1067"}],"wp:attachment":[{"href":"https:\/\/sarreldellevant.net\/ca\/wp-json\/wp\/v2\/media?parent=1066"}],"wp:term":[{"taxonomy":"product_brand","embeddable":true,"href":"https:\/\/sarreldellevant.net\/ca\/wp-json\/wp\/v2\/product_brand?post=1066"},{"taxonomy":"product_cat","embeddable":true,"href":"https:\/\/sarreldellevant.net\/ca\/wp-json\/wp\/v2\/product_cat?post=1066"},{"taxonomy":"product_tag","embeddable":true,"href":"https:\/\/sarreldellevant.net\/ca\/wp-json\/wp\/v2\/product_tag?post=1066"}],"curies":[{"name":"wp","href":"https:\/\/api.w.org\/{rel}","templated":true}]}}