{"id":1076,"date":"2025-12-01T10:20:41","date_gmt":"2025-12-01T09:20:41","guid":{"rendered":"https:\/\/sarreldellevant.net\/producto\/encens-daloe-vera\/"},"modified":"2025-12-01T10:20:41","modified_gmt":"2025-12-01T09:20:41","slug":"encens-daloe-vera","status":"publish","type":"product","link":"https:\/\/sarreldellevant.net\/ca\/producto\/encens-daloe-vera\/","title":{"rendered":"Encens d&#8217;\u00c0loe vera"},"content":{"rendered":"<p>Varetes d&#8217;encens d&#8217;\u00c0loe Vera, sin\u00f2nim de frescor, neteja i serenitat.<\/p>\n<p>La seva frag\u00e0ncia suau i vegetal ajuda a purificar l&#8217;ambient i aporta una sensaci\u00f3 de calma i benestar.<\/p>\n<p>Ideal per a aquells que busquen una aroma natural i relaxant per acompanyar moments de meditaci\u00f3, descans o harmonitzaci\u00f3 d&#8217;espais.<\/p>\n<p>Forma part de la s\u00e8rie Ullas Organic, elaborada amb ingredients 100% naturals i sense additius qu\u00edmics, de manera tradicional i artesanal.<\/p>\n","protected":false},"excerpt":{"rendered":"<p>Encens d&#8217;\u00e0loe vera<\/p>\n","protected":false},"featured_media":1077,"comment_status":"open","ping_status":"closed","template":"","meta":{"_et_pb_use_builder":"","_et_pb_old_content":"","_et_gb_content_width":"","om_disable_all_campaigns":false,"_monsterinsights_skip_tracking":false,"_monsterinsights_sitenote_active":false,"_monsterinsights_sitenote_note":"","_monsterinsights_sitenote_category":0,"_uf_show_specific_survey":0,"_uf_disable_surveys":false},"product_brand":[],"product_cat":[90],"product_tag":[91],"class_list":{"0":"post-1076","1":"product","2":"type-product","3":"status-publish","4":"has-post-thumbnail","6":"product_cat-accessoris","7":"product_tag-encens","9":"first","10":"instock","11":"taxable","12":"shipping-taxable","13":"purchasable","14":"product-type-simple"},"aioseo_notices":[],"jetpack_sharing_enabled":true,"_links":{"self":[{"href":"https:\/\/sarreldellevant.net\/ca\/wp-json\/wp\/v2\/product\/1076","targetHints":{"allow":["GET"]}}],"collection":[{"href":"https:\/\/sarreldellevant.net\/ca\/wp-json\/wp\/v2\/product"}],"about":[{"href":"https:\/\/sarreldellevant.net\/ca\/wp-json\/wp\/v2\/types\/product"}],"replies":[{"embeddable":true,"href":"https:\/\/sarreldellevant.net\/ca\/wp-json\/wp\/v2\/comments?post=1076"}],"wp:featuredmedia":[{"embeddable":true,"href":"https:\/\/sarreldellevant.net\/ca\/wp-json\/wp\/v2\/media\/1077"}],"wp:attachment":[{"href":"https:\/\/sarreldellevant.net\/ca\/wp-json\/wp\/v2\/media?parent=1076"}],"wp:term":[{"taxonomy":"product_brand","embeddable":true,"href":"https:\/\/sarreldellevant.net\/ca\/wp-json\/wp\/v2\/product_brand?post=1076"},{"taxonomy":"product_cat","embeddable":true,"href":"https:\/\/sarreldellevant.net\/ca\/wp-json\/wp\/v2\/product_cat?post=1076"},{"taxonomy":"product_tag","embeddable":true,"href":"https:\/\/sarreldellevant.net\/ca\/wp-json\/wp\/v2\/product_tag?post=1076"}],"curies":[{"name":"wp","href":"https:\/\/api.w.org\/{rel}","templated":true}]}}