{"id":1425,"date":"2026-02-19T14:59:13","date_gmt":"2026-02-19T13:59:13","guid":{"rendered":"https:\/\/sarreldellevant.net\/?post_type=product&#038;p=1425"},"modified":"2026-02-19T15:10:00","modified_gmt":"2026-02-19T14:10:00","slug":"sabo-de-taronja-i-pachuli-copia","status":"publish","type":"product","link":"https:\/\/sarreldellevant.net\/ca\/producto\/sabo-de-taronja-i-pachuli-copia\/","title":{"rendered":"Sab\u00f3 de taronja i pachuli (copia)"},"content":{"rendered":"<p class=\"\" data-start=\"839\" data-end=\"933\"><strong>Sab\u00f3 de taronja i pachuli: revitalitzant i equilibrant.  <\/strong>Un sab\u00f3 pensat per a aquells que busquen cuidar la seva pell de forma natural, mentre gaudeixen d&#8217;un moment de relaxaci\u00f3 i frescor amb cada \u00fas. Apte per a tot tipus de pells. <\/p>\n<p class=\"\" data-start=\"324\" data-end=\"641\">Viu un ritual de frescor i benestar amb el nostre Sab\u00f3 de Taronja &amp; Pachuli. Elaborat artesanalment mitjan\u00e7ant saponificaci\u00f3 en fred, aquest sab\u00f3 combina l&#8217;energia c\u00edtrica de la taronja amb les propietats arom\u00e0tiques i equilibrants del pachuli, creant una experi\u00e8ncia que revitalitza el cos i calma la ment. <\/p>\n<p class=\"\" data-start=\"643\" data-end=\"807\">Enriquit amb carb\u00f3 activat i argila Illite, proporciona una neteja profunda i delicada que purifica la pell sense ressecar-la, respectant el seu equilibri natural.<\/p>\n<p><strong>Ingredients clau i beneficis:<\/strong><\/p>\n<ul>\n<li><strong data-start=\"856\" data-end=\"886\">Oli essencial de taronja<\/strong> (<em data-start=\"888\" data-end=\"905\">Citrus Sinensis<\/em>): Refresca, il\u00b7lumina i purifica la pell gr\u00e0cies a les seves propietats antioxidants i antis\u00e8ptiques.<\/li>\n<li><strong data-start=\"1005\" data-end=\"1036\">Oli essencial de pachuli<\/strong> (<em data-start=\"1038\" data-end=\"1057\">Pogostemon Cablin<\/em>): Relaxant, regenerador i hidratant, aporta equilibri i suavitat a la pell.<\/li>\n<li><strong data-start=\"1141\" data-end=\"1160\">Carb\u00f3 activat<\/strong>: Neteja en profunditat, absorbeix impureses i ajuda a equilibrar l&#8217;exc\u00e9s de greix.<\/li>\n<li><strong data-start=\"1248\" data-end=\"1266\">Argila Illite<\/strong>: Rica en minerals, millora la textura de la pell, suavitza i aporta una neteja suau i efica\u00e7.<\/li>\n<\/ul>\n<p><strong>F\u00f3rmula natural i conscient:<\/strong><\/p>\n<ul>\n<li>100% ingredients naturals i biodegradables.<\/li>\n<li>Sense sulfats, parabens ni colorants artificials.<\/li>\n<li>Veg\u00e0 i no testat en animals.<\/li>\n<li>Fet a m\u00e0 amb ingredients procedents d&#8217;agricultura ecol\u00f2gica.<\/li>\n<\/ul>\n<p><!-- C\u00d3MO USARLO --><\/p>\n<details>\n<summary><strong>COM UTILITZAR-LO<\/strong><\/summary>\n<p>Humiteja el sab\u00f3 i frega&#8217;l entre les mans o sobre una esponja, massatgeu sobre la pell humida amb moviments circulars.<br \/>\nAclareix el sab\u00f3 de la pell amb aigua t\u00e8bia.<br \/>\nConserva en un lloc sec entre usos (idealment en una sabonera amb drenatge o en una bossa de cot\u00f3).<\/p>\n<\/details>\n<p><!-- INCI \u2013 INGREDIENTES --><\/p>\n<details style=\"margin-bottom: 15px;\">\n<summary><strong>INCI \u2013 INGREDIENTS<\/strong><\/summary>\n<p><em data-start=\"2022\" data-end=\"2196\">*Cocos Nucifera Oil, Sodium Chloride, Olea Europaea Fruit Oil, Aqua, Illite, Sodium Hydroxide, Ricinus Communis Seed Oil, Charcoal Powder, Citrus Sinensis Peel Oil Expressed, Pogostemon Cablin Leaf Oil, Lavandula Angustifolia Oil, Limonene*, Linalool*<br data-start=\"2260\" data-end=\"2263\">*Al\u00b7l\u00e8rgens presents de forma natural en els olis essencials.<\/em><\/p>\n<\/details>\n","protected":false},"excerpt":{"rendered":"<p>Un sab\u00f3 pensat per a aquells que busquen cuidar la seva pell de forma natural, mentre gaudeixen d&#8217;un moment de relaxaci\u00f3 i frescor amb cada \u00fas<\/p>\n","protected":false},"featured_media":1125,"comment_status":"open","ping_status":"closed","template":"","meta":{"_et_pb_use_builder":"","_et_pb_old_content":"","_et_gb_content_width":"","om_disable_all_campaigns":false,"_monsterinsights_skip_tracking":false,"_monsterinsights_sitenote_active":false,"_monsterinsights_sitenote_note":"","_monsterinsights_sitenote_category":0,"_uf_show_specific_survey":0,"_uf_disable_surveys":false},"product_brand":[],"product_cat":[82],"product_tag":[85,86,87,83],"class_list":{"0":"post-1425","1":"product","2":"type-product","3":"status-publish","4":"has-post-thumbnail","6":"product_cat-cura-corporal","7":"product_tag-artesanal","8":"product_tag-pell-sensible","9":"product_tag-sense-parabens","10":"product_tag-tot-tipus-de-pells","12":"first","13":"instock","14":"taxable","15":"shipping-taxable","16":"purchasable","17":"product-type-simple"},"aioseo_notices":[],"jetpack_sharing_enabled":true,"_links":{"self":[{"href":"https:\/\/sarreldellevant.net\/ca\/wp-json\/wp\/v2\/product\/1425","targetHints":{"allow":["GET"]}}],"collection":[{"href":"https:\/\/sarreldellevant.net\/ca\/wp-json\/wp\/v2\/product"}],"about":[{"href":"https:\/\/sarreldellevant.net\/ca\/wp-json\/wp\/v2\/types\/product"}],"replies":[{"embeddable":true,"href":"https:\/\/sarreldellevant.net\/ca\/wp-json\/wp\/v2\/comments?post=1425"}],"wp:featuredmedia":[{"embeddable":true,"href":"https:\/\/sarreldellevant.net\/ca\/wp-json\/wp\/v2\/media\/1125"}],"wp:attachment":[{"href":"https:\/\/sarreldellevant.net\/ca\/wp-json\/wp\/v2\/media?parent=1425"}],"wp:term":[{"taxonomy":"product_brand","embeddable":true,"href":"https:\/\/sarreldellevant.net\/ca\/wp-json\/wp\/v2\/product_brand?post=1425"},{"taxonomy":"product_cat","embeddable":true,"href":"https:\/\/sarreldellevant.net\/ca\/wp-json\/wp\/v2\/product_cat?post=1425"},{"taxonomy":"product_tag","embeddable":true,"href":"https:\/\/sarreldellevant.net\/ca\/wp-json\/wp\/v2\/product_tag?post=1425"}],"curies":[{"name":"wp","href":"https:\/\/api.w.org\/{rel}","templated":true}]}}