{"id":1427,"date":"2026-02-19T15:14:58","date_gmt":"2026-02-19T14:14:58","guid":{"rendered":"https:\/\/sarreldellevant.net\/?post_type=product&#038;p=1427"},"modified":"2026-02-19T15:19:41","modified_gmt":"2026-02-19T14:19:41","slug":"sabo-despecies-copia","status":"publish","type":"product","link":"https:\/\/sarreldellevant.net\/ca\/producto\/sabo-despecies-copia\/","title":{"rendered":"Sab\u00f3 d&#8217;esp\u00e8cies (copia)"},"content":{"rendered":"<p class=\"\" data-start=\"868\" data-end=\"981\">Sabons d&#8217;esp\u00e8cies revitalitzant i arom\u00e0tic, apte per a tot tipus de pells. Un sab\u00f3 c\u00e0lid i envolvent, ideal per gaudir d&#8217;una neteja profunda i un toc especiat que reconforta cos i ment. <\/p>\n<p class=\"\" data-start=\"333\" data-end=\"574\">Fet artesanalment a Mallorca mitjan\u00e7ant saponificaci\u00f3 en fred, el nostre <strong data-start=\"407\" data-end=\"427\">Sab\u00f3 d\u2019Esp\u00e8cies<\/strong> combina ingredients naturals acuradament seleccionats per brindar una neteja profunda i una experi\u00e8ncia sensorial c\u00e0lida i reconfortant.<\/p>\n<p class=\"\" data-start=\"576\" data-end=\"836\">Inspirat en les aromes tradicionals d&#8217;esp\u00e8cies com la canyella, el clau, el gingebre i la nou moscada, aquest sab\u00f3 estimula els sentits mentre revitalitza la pell. Ideal per a aquells que busquen un moment de cura personal envolvent, estimulant i natural. <\/p>\n<p><strong>Ingredients clau i beneficis:<\/strong><\/p>\n<ul>\n<li><strong data-start=\"885\" data-end=\"904\">Canyella en pols<\/strong> (<em data-start=\"906\" data-end=\"929\">Cinnamomum Zeylanicum<\/em>): Estimula la circulaci\u00f3, exfolia suaument i aporta una aroma c\u00e0lida i intensa.<\/li>\n<li><strong data-start=\"1016\" data-end=\"1034\">Clau en pols<\/strong> (<em data-start=\"1036\" data-end=\"1058\">Eugenia Caryophyllus<\/em>): Ric en antioxidants, purifica i calma la pell.<\/li>\n<li><strong data-start=\"1114\" data-end=\"1141\">Gingebre i nou moscada<\/strong> (<em data-start=\"1143\" data-end=\"1164\">Zingiber Officinale<\/em>, <em data-start=\"1166\" data-end=\"1186\">Myristica Fragrans<\/em>): Aporten propietats revitalitzants, tonificants i una aroma especiada \u00fanica.<\/li>\n<li><strong data-start=\"1270\" data-end=\"1289\">Llorer en pols<\/strong> (<em data-start=\"1291\" data-end=\"1307\">Laurus Nobilis<\/em>): Ajuda a equilibrar i netejar la pell amb suavitat.<\/li>\n<\/ul>\n<p><strong>F\u00f3rmula natural i conscient:<\/strong><\/p>\n<ul>\n<li>100% ingredients naturals i biodegradables.<\/li>\n<li>Sense sulfats, parabens ni colorants artificials.<\/li>\n<li>Veg\u00e0 i no testat en animals.<\/li>\n<li>Fet a m\u00e0 amb ingredients procedents d&#8217;agricultura ecol\u00f2gica.<\/li>\n<\/ul>\n<p><!-- C\u00d3MO USARLO --><\/p>\n<details>\n<summary><strong>COM UTILITZAR-LO<\/strong><\/summary>\n<p>Humiteja el sab\u00f3 i frega&#8217;l entre les mans o sobre una esponja, massatgeu sobre la pell humida amb moviments circulars.<br \/>\nAclareix el sab\u00f3 de la pell amb aigua t\u00e8bia.<br \/>\nConserva en un lloc sec entre usos (idealment en una sabonera amb drenatge o en una bossa de cot\u00f3).<\/p>\n<\/details>\n<p><!-- INCI \u2013 INGREDIENTES --><\/p>\n<details style=\"margin-bottom: 15px;\">\n<summary><strong>INCI \u2013 INGREDIENTS<\/strong><\/summary>\n<p><em data-start=\"2022\" data-end=\"2402\">Olea Europaea Oil**, Aqua, Cocos Nucifera Oil**, Sodium Hydroxide, Butyrospermum Parkii Butter, Ricinus Communis Oil**, Cinnamomum Zeylanicum Bark Powder**, Eugenia Caryophyllus Bud Powder**, Myristica Fragrans Seed Powder**, Zingiber Officinale Root Powder**, Laurus Nobilis Leaf Powder**, Mica (CI 77019), Titanium Dioxide (CI 77891), Iron Oxide Red (CI 77491)<\/em><br data-start=\"2402\" data-end=\"2405\">**Ingredients procedents d&#8217;agricultura ecol\u00f2gica<\/p>\n<\/details>\n","protected":false},"excerpt":{"rendered":"<p>Un sab\u00f3 c\u00e0lid i envolvent, ideal per gaudir d&#8217;una neteja profunda i un toc especiat que reconforta cos i ment.<\/p>\n","protected":false},"featured_media":0,"comment_status":"open","ping_status":"closed","template":"","meta":{"_et_pb_use_builder":"","_et_pb_old_content":"","_et_gb_content_width":"","om_disable_all_campaigns":false,"_monsterinsights_skip_tracking":false,"_monsterinsights_sitenote_active":false,"_monsterinsights_sitenote_note":"","_monsterinsights_sitenote_category":0,"_uf_show_specific_survey":0,"_uf_disable_surveys":false},"product_brand":[],"product_cat":[82],"product_tag":[85,86,87,83],"class_list":{"0":"post-1427","1":"product","2":"type-product","3":"status-publish","5":"product_cat-cura-corporal","6":"product_tag-artesanal","7":"product_tag-pell-sensible","8":"product_tag-sense-parabens","9":"product_tag-tot-tipus-de-pells","11":"first","12":"instock","13":"taxable","14":"shipping-taxable","15":"purchasable","16":"product-type-simple"},"aioseo_notices":[],"jetpack_sharing_enabled":true,"_links":{"self":[{"href":"https:\/\/sarreldellevant.net\/ca\/wp-json\/wp\/v2\/product\/1427","targetHints":{"allow":["GET"]}}],"collection":[{"href":"https:\/\/sarreldellevant.net\/ca\/wp-json\/wp\/v2\/product"}],"about":[{"href":"https:\/\/sarreldellevant.net\/ca\/wp-json\/wp\/v2\/types\/product"}],"replies":[{"embeddable":true,"href":"https:\/\/sarreldellevant.net\/ca\/wp-json\/wp\/v2\/comments?post=1427"}],"wp:attachment":[{"href":"https:\/\/sarreldellevant.net\/ca\/wp-json\/wp\/v2\/media?parent=1427"}],"wp:term":[{"taxonomy":"product_brand","embeddable":true,"href":"https:\/\/sarreldellevant.net\/ca\/wp-json\/wp\/v2\/product_brand?post=1427"},{"taxonomy":"product_cat","embeddable":true,"href":"https:\/\/sarreldellevant.net\/ca\/wp-json\/wp\/v2\/product_cat?post=1427"},{"taxonomy":"product_tag","embeddable":true,"href":"https:\/\/sarreldellevant.net\/ca\/wp-json\/wp\/v2\/product_tag?post=1427"}],"curies":[{"name":"wp","href":"https:\/\/api.w.org\/{rel}","templated":true}]}}